{"id":8,"date":"2020-01-23T11:46:41","date_gmt":"2020-01-23T10:46:41","guid":{"rendered":"https:\/\/bovolley.com\/site1\/?page_id=8"},"modified":"2022-10-12T14:44:13","modified_gmt":"2022-10-12T12:44:13","slug":"bureau-directeur","status":"publish","type":"page","link":"https:\/\/bovolley.com\/site1\/index.php\/bureau-directeur\/","title":{"rendered":"Bureau directeur"},"content":{"rendered":"\n<p>Pr\u00e9sidente : Aur\u00e9lie PRESTI<\/p>\n\n\n\n<figure class=\"wp-block-image size-full is-resized\"><img loading=\"lazy\" decoding=\"async\" src=\"https:\/\/bovolley.com\/site1\/wp-content\/uploads\/2022\/09\/aurel-1.jpeg\" alt=\"\" class=\"wp-image-963\" width=\"170\" height=\"235\" srcset=\"https:\/\/bovolley.com\/site1\/wp-content\/uploads\/2022\/09\/aurel-1.jpeg 507w, https:\/\/bovolley.com\/site1\/wp-content\/uploads\/2022\/09\/aurel-1-217x300.jpeg 217w\" sizes=\"auto, (max-width: 170px) 100vw, 170px\" \/><\/figure>\n\n\n\n<p>Secr\u00e9taire : Jacques MOREAU<\/p>\n\n\n\n<figure class=\"wp-block-image size-large is-resized\"><img loading=\"lazy\" decoding=\"async\" src=\"https:\/\/bovolley.com\/site1\/wp-content\/uploads\/2022\/09\/jacques-629x1024.jpeg\" alt=\"\" class=\"wp-image-964\" width=\"165\" height=\"268\" srcset=\"https:\/\/bovolley.com\/site1\/wp-content\/uploads\/2022\/09\/jacques-629x1024.jpeg 629w, https:\/\/bovolley.com\/site1\/wp-content\/uploads\/2022\/09\/jacques-184x300.jpeg 184w, https:\/\/bovolley.com\/site1\/wp-content\/uploads\/2022\/09\/jacques-768x1250.jpeg 768w, https:\/\/bovolley.com\/site1\/wp-content\/uploads\/2022\/09\/jacques.jpeg 805w\" sizes=\"auto, (max-width: 165px) 100vw, 165px\" \/><\/figure>\n\n\n\n<p>Tr\u00e9sorier : Gilles ALOUIS<\/p>\n\n\n\n<figure class=\"wp-block-image size-large is-resized\"><img loading=\"lazy\" decoding=\"async\" src=\"https:\/\/bovolley.com\/site1\/wp-content\/uploads\/2022\/09\/gilles-729x1024.jpeg\" alt=\"\" class=\"wp-image-966\" width=\"168\" height=\"236\" srcset=\"https:\/\/bovolley.com\/site1\/wp-content\/uploads\/2022\/09\/gilles-729x1024.jpeg 729w, https:\/\/bovolley.com\/site1\/wp-content\/uploads\/2022\/09\/gilles-214x300.jpeg 214w, https:\/\/bovolley.com\/site1\/wp-content\/uploads\/2022\/09\/gilles-768x1078.jpeg 768w, https:\/\/bovolley.com\/site1\/wp-content\/uploads\/2022\/09\/gilles.jpeg 1042w\" sizes=\"auto, (max-width: 168px) 100vw, 168px\" \/><\/figure>\n\n\n\n<p>La famille du Volley du club de Biscarrosse vient de perdre&nbsp;un ami, un copain, un joueur.<\/p>\n\n\n\n<p>Ren\u00e9 CASES nous a quitt\u00e9 brusquement, victime d&rsquo;un malaise cardiaque, ce mardi 10 mai 2022.<\/p>\n\n\n<div class=\"wp-block-image\">\n<figure class=\"alignright size-full is-resized\"><img loading=\"lazy\" decoding=\"async\" src=\"https:\/\/bovolley.com\/site1\/wp-content\/uploads\/2022\/09\/rene\u0301.jpeg\" alt=\"\" class=\"wp-image-961\" width=\"385\" height=\"216\" srcset=\"https:\/\/bovolley.com\/site1\/wp-content\/uploads\/2022\/09\/rene\u0301.jpeg 1024w, https:\/\/bovolley.com\/site1\/wp-content\/uploads\/2022\/09\/rene\u0301-300x169.jpeg 300w, https:\/\/bovolley.com\/site1\/wp-content\/uploads\/2022\/09\/rene\u0301-768x432.jpeg 768w\" sizes=\"auto, (max-width: 385px) 100vw, 385px\" \/><\/figure><\/div>\n\n\n<p>Engag\u00e9 au CDC V\u00e9t\u00e9rans, il venait de gagn\u00e9 son t\u00eate \u00e0 t\u00eate \u00e0 Ychoux.<\/p>\n\n\n\n<p>Figure embl\u00e9matique du monde associatif de la ville de Biscarrosse, il \u00e9tait investi depuis de nombreuses ann\u00e9es&nbsp;au Volley (co fondateur du club en 1966 et Pr\u00e9sident d&rsquo;honneur), \u00e0 la p\u00e9tanque, et tout le reste&#8230;..c&rsquo;\u00e9tait un passionn\u00e9, impliqu\u00e9, enjou\u00e9, il \u00e9tait appr\u00e9ci\u00e9 de tous, il aimait \u00eatre au contact des jeunes, il a initi\u00e9 de nombreux enfants du BOVOLLEY et du centre de loisirs de Biscarrosse au jeu de la p\u00e9tanque.<\/p>\n\n\n\n<p>Nous continuerons \u00e0 entendre ses rires communicatifs sur les terrains. Il restera dans nos m\u00e9moires un mod\u00e8le de d\u00e9vouement b\u00e9n\u00e9vole.<\/p>\n\n\n\n<p>Au revoir Ren\u00e9 &#8211; Reposes en paix<\/p>\n\n\n\n<p>Nous ne t&rsquo;oublierons pas DIGUN !!!<\/p>\n","protected":false},"excerpt":{"rendered":"<p>Pr\u00e9sidente : Aur\u00e9lie PRESTI Secr\u00e9taire : Jacques MOREAU Tr\u00e9sorier : Gilles ALOUIS La famille du Volley du club de Biscarrosse vient de perdre&nbsp;un ami, un copain, un joueur. Ren\u00e9 CASES nous a quitt\u00e9 brusquement, victime d&rsquo;un malaise cardiaque, ce mardi 10 mai 2022. Engag\u00e9 au CDC V\u00e9t\u00e9rans, il venait de gagn\u00e9 son t\u00eate \u00e0 t\u00eate&hellip;&nbsp;<a href=\"https:\/\/bovolley.com\/site1\/index.php\/bureau-directeur\/\" rel=\"bookmark\"><span class=\"screen-reader-text\">Bureau directeur<\/span><\/a><\/p>\n","protected":false},"author":2,"featured_media":0,"parent":0,"menu_order":0,"comment_status":"closed","ping_status":"closed","template":"","meta":{"neve_meta_sidebar":"","neve_meta_container":"","neve_meta_enable_content_width":"","neve_meta_content_width":0,"neve_meta_title_alignment":"","neve_meta_author_avatar":"","neve_post_elements_order":"","neve_meta_disable_header":"","neve_meta_disable_footer":"","neve_meta_disable_title":"","footnotes":""},"class_list":["post-8","page","type-page","status-publish","hentry"],"_links":{"self":[{"href":"https:\/\/bovolley.com\/site1\/index.php\/wp-json\/wp\/v2\/pages\/8","targetHints":{"allow":["GET"]}}],"collection":[{"href":"https:\/\/bovolley.com\/site1\/index.php\/wp-json\/wp\/v2\/pages"}],"about":[{"href":"https:\/\/bovolley.com\/site1\/index.php\/wp-json\/wp\/v2\/types\/page"}],"author":[{"embeddable":true,"href":"https:\/\/bovolley.com\/site1\/index.php\/wp-json\/wp\/v2\/users\/2"}],"replies":[{"embeddable":true,"href":"https:\/\/bovolley.com\/site1\/index.php\/wp-json\/wp\/v2\/comments?post=8"}],"version-history":[{"count":5,"href":"https:\/\/bovolley.com\/site1\/index.php\/wp-json\/wp\/v2\/pages\/8\/revisions"}],"predecessor-version":[{"id":976,"href":"https:\/\/bovolley.com\/site1\/index.php\/wp-json\/wp\/v2\/pages\/8\/revisions\/976"}],"wp:attachment":[{"href":"https:\/\/bovolley.com\/site1\/index.php\/wp-json\/wp\/v2\/media?parent=8"}],"curies":[{"name":"wp","href":"https:\/\/api.w.org\/{rel}","templated":true}]}}