{"id":7,"date":"2020-01-23T11:46:41","date_gmt":"2020-01-23T10:46:41","guid":{"rendered":"https:\/\/bovolley.com\/site1\/?page_id=7"},"modified":"2025-08-28T10:16:12","modified_gmt":"2025-08-28T08:16:12","slug":"club","status":"publish","type":"page","link":"https:\/\/bovolley.com\/site1\/index.php\/club\/","title":{"rendered":"Club"},"content":{"rendered":"<div class=\"wp-block-image\">\n<figure class=\"alignright size-large is-resized\"><img loading=\"lazy\" decoding=\"async\" width=\"300\" height=\"268\" src=\"https:\/\/bovolley.com\/site1\/wp-content\/uploads\/2020\/01\/10.gif\" alt=\"\" class=\"wp-image-120\" style=\"width:242px;height:216px\"\/><\/figure><\/div>\n\n<div class=\"wp-block-image\">\n<figure class=\"alignleft size-large is-resized\"><img loading=\"lazy\" decoding=\"async\" width=\"126\" height=\"123\" src=\"https:\/\/bovolley.com\/site1\/wp-content\/uploads\/2020\/01\/carte_france.gif\" alt=\"\" class=\"wp-image-119\" style=\"width:194px;height:189px\"\/><\/figure><\/div>\n\n\n<p>60\u00a0ans d\u00e9j\u00e0, que dans une terre partag\u00e9e entre les costauds de l\u2019Ovalie et les fous de vagues, une poign\u00e9e d\u2019irr\u00e9ductibles s\u2019adonnent au sport du pasteur Morgan.<br>La pratique d\u2019un Volley de plage, devenu depuis totalement beach, avait\u00a0naturellement fleuri sur le sable landais,<br>quand quelques passionn\u00e9s d\u00e9cid\u00e8rent de prolonger l\u2019\u00e9t\u00e9 dans le cadre plus strict des r\u00e8gles f\u00e9d\u00e9rales.<br>Aujourd\u2019hui le Biscarrosse Olympique, fort d\u2019une centaine adh\u00e9rents a belle allure.<\/p>\n","protected":false},"excerpt":{"rendered":"<p>60\u00a0ans d\u00e9j\u00e0, que dans une terre partag\u00e9e entre les costauds de l\u2019Ovalie et les fous de vagues, une poign\u00e9e d\u2019irr\u00e9ductibles s\u2019adonnent au sport du pasteur Morgan.La pratique d\u2019un Volley de plage, devenu depuis totalement beach, avait\u00a0naturellement fleuri sur le sable landais,quand quelques passionn\u00e9s d\u00e9cid\u00e8rent de prolonger l\u2019\u00e9t\u00e9 dans le cadre plus strict des r\u00e8gles f\u00e9d\u00e9rales.Aujourd\u2019hui&hellip;&nbsp;<a href=\"https:\/\/bovolley.com\/site1\/index.php\/club\/\" rel=\"bookmark\"><span class=\"screen-reader-text\">Club<\/span><\/a><\/p>\n","protected":false},"author":2,"featured_media":0,"parent":0,"menu_order":0,"comment_status":"closed","ping_status":"closed","template":"","meta":{"neve_meta_sidebar":"","neve_meta_container":"","neve_meta_enable_content_width":"","neve_meta_content_width":0,"neve_meta_title_alignment":"","neve_meta_author_avatar":"","neve_post_elements_order":"","neve_meta_disable_header":"","neve_meta_disable_footer":"","neve_meta_disable_title":"","footnotes":""},"class_list":["post-7","page","type-page","status-publish","hentry"],"_links":{"self":[{"href":"https:\/\/bovolley.com\/site1\/index.php\/wp-json\/wp\/v2\/pages\/7","targetHints":{"allow":["GET"]}}],"collection":[{"href":"https:\/\/bovolley.com\/site1\/index.php\/wp-json\/wp\/v2\/pages"}],"about":[{"href":"https:\/\/bovolley.com\/site1\/index.php\/wp-json\/wp\/v2\/types\/page"}],"author":[{"embeddable":true,"href":"https:\/\/bovolley.com\/site1\/index.php\/wp-json\/wp\/v2\/users\/2"}],"replies":[{"embeddable":true,"href":"https:\/\/bovolley.com\/site1\/index.php\/wp-json\/wp\/v2\/comments?post=7"}],"version-history":[{"count":3,"href":"https:\/\/bovolley.com\/site1\/index.php\/wp-json\/wp\/v2\/pages\/7\/revisions"}],"predecessor-version":[{"id":1315,"href":"https:\/\/bovolley.com\/site1\/index.php\/wp-json\/wp\/v2\/pages\/7\/revisions\/1315"}],"wp:attachment":[{"href":"https:\/\/bovolley.com\/site1\/index.php\/wp-json\/wp\/v2\/media?parent=7"}],"curies":[{"name":"wp","href":"https:\/\/api.w.org\/{rel}","templated":true}]}}